{"id":74,"date":"2025-05-04T16:37:03","date_gmt":"2025-05-04T16:37:03","guid":{"rendered":"http:\/\/tlakuikatl.mx\/?page_id=74"},"modified":"2025-06-29T14:20:35","modified_gmt":"2025-06-29T14:20:35","slug":"repertorio","status":"publish","type":"page","link":"https:\/\/tlakuikatl.mx\/pt\/repertorio\/","title":{"rendered":"Repert\u00f3rio"},"content":{"rendered":"<div class=\"wp-block-columns alignwide is-layout-flex wp-container-core-columns-is-layout-ee538829 wp-block-columns-is-layout-flex\" style=\"margin-top:var(--wp--preset--spacing--20);margin-bottom:var(--wp--preset--spacing--20);padding-bottom:var(--wp--preset--spacing--20);line-height:1.8\">\n<div class=\"wp-block-column is-vertically-aligned-top has-medium-font-size is-layout-flow wp-container-core-column-is-layout-22223934 wp-block-column-is-layout-flow\" style=\"line-height:1.5;flex-basis:50%\">\n<div class=\"wp-block-group is-content-justification-left is-nowrap is-layout-flex wp-container-core-group-is-layout-549ef801 wp-block-group-is-layout-flex\" style=\"margin-top:0;margin-bottom:0;padding-right:var(--wp--preset--spacing--20);padding-left:var(--wp--preset--spacing--20)\">\n<ul class=\"wp-block-list\">\n<li class=\"has-custom-color-1-color has-text-color has-link-color has-bd-supper-font-family has-large-font-size wp-elements-7c03f3b17648f0e08461b31a0d3bcef3\"><strong>M\u00c9XICO<\/strong>\n<ul class=\"wp-block-list\">\n<li class=\"has-custom-color-1-color has-text-color has-link-color has-medium-font-size wp-elements-b241e17da16ea1a9a2252995ba0eb01f\" style=\"font-style:normal;font-weight:700;line-height:2\">Leonardo Vel\u00e1zquez (1935-2004)&nbsp;\n<ul class=\"wp-block-list\">\n<li class=\"has-small-font-size\" style=\"font-style:normal;font-weight:400\">Variaciones<\/li>\n<\/ul>\n<\/li>\n\n\n\n<li class=\"has-custom-color-1-color has-text-color has-link-color has-medium-font-size wp-elements-b18cc063c6af2bfe362b007584d8d088\" style=\"font-style:normal;font-weight:700;line-height:2\">Arturo M\u00e1rquez (1950)\n<ul class=\"wp-block-list\">\n<li class=\"has-small-font-size\" style=\"font-style:normal;font-weight:400\">Zarabandeo<\/li>\n\n\n\n<li class=\"has-small-font-size\" style=\"font-style:normal;font-weight:400\">Danz\u00f3n No. 5 \u201cPortales de Madrugada\u201d<\/li>\n<\/ul>\n<\/li>\n\n\n\n<li class=\"has-custom-color-1-color has-text-color has-link-color has-medium-font-size wp-elements-7523ecd403a76072e2792eb0b6d8703e\" style=\"font-style:normal;font-weight:700;line-height:2\">Elvia M\u00e9ndez Granados (1977)\n<ul class=\"wp-block-list\">\n<li class=\"has-small-font-size\" style=\"font-style:normal;font-weight:400\">Recuerdos<\/li>\n<\/ul>\n<\/li>\n\n\n\n<li class=\"has-custom-color-1-color has-text-color has-link-color has-medium-font-size wp-elements-88e2f9e5c561bfdc59c603ab73300272\" style=\"font-style:normal;font-weight:700;line-height:2\">Jos\u00e9 Elizondo (1972)\n<ul class=\"wp-block-list\">\n<li class=\"has-small-font-size\" style=\"font-style:normal;font-weight:400\">Tr\u00eas Danzas Latinoamericanas<\/li>\n<\/ul>\n<\/li>\n\n\n\n<li class=\"has-custom-color-1-color has-text-color has-link-color has-medium-font-size wp-elements-b2d8b5b8903e058b46ffcbe71fbff716\" style=\"font-style:normal;font-weight:700;line-height:2\">Roberto Carbajal&nbsp; Montiel (1973)<\/li>\n\n\n\n<li class=\"has-custom-color-1-color has-text-color has-link-color has-small-font-size wp-elements-0c0f589236abda51ed5b73a0a148928e\" style=\"font-style:normal;font-weight:700;line-height:2\">Revisi\u00f3n para piano:&nbsp; Gloria P\u00e9rez Athi\u00e9\n<ul class=\"wp-block-list\">\n<li class=\"has-small-font-size\" style=\"font-style:normal;font-weight:400\">Suite Voces del Sur &#8211; m\u00fasica tradicional mexicana\n<ul class=\"wp-block-list\">\n<li class=\"has-small-font-size\" style=\"font-style:normal;font-weight:400\">Acapulque\u00f1a<\/li>\n\n\n\n<li class=\"has-small-font-size\" style=\"font-style:normal;font-weight:400\"> Caminos del Sur<\/li>\n\n\n\n<li class=\"has-small-font-size\" style=\"font-style:normal;font-weight:400\">Caminos de Chilpancingo<\/li>\n\n\n\n<li class=\"has-small-font-size\" style=\"font-style:normal;font-weight:400\">Alingo lingo<\/li>\n<\/ul>\n<\/li>\n<\/ul>\n<\/li>\n<\/ul>\n<\/li>\n<\/ul>\n<\/div>\n<\/div>\n\n\n\n<div class=\"wp-block-column is-vertically-aligned-top has-medium-font-size is-layout-flow wp-container-core-column-is-layout-205dde2f wp-block-column-is-layout-flow\" style=\"padding-top:0;padding-right:var(--wp--preset--spacing--20);padding-bottom:0;padding-left:var(--wp--preset--spacing--20);flex-basis:50%\">\n<ul class=\"wp-block-list\">\n<li class=\"has-custom-color-1-color has-text-color has-link-color has-bd-supper-font-family has-large-font-size wp-elements-1c7aa03dd26a268f1e08a87c34ac099d\" style=\"font-style:normal;font-weight:700\"><strong>ARGENTINA<\/strong>\n<ul class=\"wp-block-list has-custom-color-1-color has-text-color has-link-color has-medium-font-size wp-elements-491235374454739c282f81016e27a819\">\n<li class=\"has-custom-color-1-color has-text-color has-link-color has-medium-font-size wp-elements-f5c33f82c2ef15bff76ed93a02622f5f\" style=\"line-height:2\">Viviana Dan\u00f3n (1965)\n<ul class=\"wp-block-list\">\n<li class=\"has-custom-color-1-color has-text-color has-link-color has-small-font-size wp-elements-9a828906965e0a510e75527bb2da8893\" style=\"font-style:normal;font-weight:400\">Zamba para clarinete<\/li>\n\n\n\n<li class=\"has-custom-color-1-color has-text-color has-link-color has-small-font-size wp-elements-718b07874b0da293b83d8d9a3c3752e9\" style=\"font-style:normal;font-weight:400\">Atardecer en Villa Elisa<\/li>\n<\/ul>\n<\/li>\n\n\n\n<li class=\"has-custom-color-1-color has-text-color has-link-color has-medium-font-size wp-elements-7342cc708937511ae8fb7faeba09217c\" style=\"line-height:2\">Viviana dal Santo (1976)\n<ul class=\"wp-block-list\">\n<li class=\"has-custom-color-1-color has-text-color has-link-color has-small-font-size wp-elements-2afd061186caebe8a4131d4275b537c5\" style=\"font-style:normal;font-weight:400\">Tango desesperado<\/li>\n<\/ul>\n<\/li>\n\n\n\n<li class=\"has-custom-color-1-color has-text-color has-link-color has-medium-font-size wp-elements-73df084f7ebc5f843cb0135746a6c95c\" style=\"line-height:2\">Valeria Romero (1986)\n<ul class=\"wp-block-list\">\n<li class=\"has-custom-color-1-color has-text-color has-link-color has-small-font-size wp-elements-54670e21369f09945c6497d57bab5435\" style=\"font-style:normal;font-weight:400\">Dos Luces<\/li>\n<\/ul>\n<\/li>\n\n\n\n<li class=\"has-custom-color-1-color has-text-color has-link-color has-medium-font-size wp-elements-b4f1531aac680eddb1e88019656d1667\" style=\"line-height:2\">Carlos Guastavino (1912-2000)\n<ul class=\"wp-block-list\">\n<li class=\"has-custom-color-1-color has-text-color has-link-color has-small-font-size wp-elements-d049bf26a2a536c364a39e170ac5d5df\" style=\"font-style:normal;font-weight:400\">Sonata<\/li>\n\n\n\n<li class=\"has-custom-color-1-color has-text-color has-link-color has-small-font-size wp-elements-aadc08296403d9f3150547f16a330838\" style=\"font-style:normal;font-weight:400\">Tonada y Cueca&nbsp;&nbsp;&nbsp;&nbsp;<\/li>\n\n\n\n<li class=\"has-custom-color-1-color has-text-color has-link-color has-small-font-size wp-elements-e4ba0efbcd2a4985ef9f8b63e878402b\" style=\"font-style:normal;font-weight:400\">La rosa y el Sauce<\/li>\n<\/ul>\n<\/li>\n\n\n\n<li class=\"has-custom-color-1-color has-text-color has-link-color has-medium-font-size wp-elements-17f604d6345da45390f3a564137debb1\" style=\"line-height:2\">&nbsp;Astor Piazzolla (1921-1992)\n<ul class=\"wp-block-list\">\n<li class=\"has-custom-color-1-color has-text-color has-link-color has-small-font-size wp-elements-1447b63531bd2c73b8b49c7b5691c787\" style=\"font-style:normal;font-weight:400\">Estudos tangu\u00edsticos<\/li>\n\n\n\n<li class=\"has-custom-color-1-color has-text-color has-link-color has-small-font-size wp-elements-59f7582fd6ca2ebefbc7a3ed984315fa\" style=\"font-style:normal;font-weight:400\">Historia del Tango<\/li>\n\n\n\n<li class=\"has-custom-color-1-color has-text-color has-link-color has-small-font-size wp-elements-eca56486bc2c16d9cd9744528bd97ad2\" style=\"font-style:normal;font-weight:400\">Oblivion<\/li>\n<\/ul>\n<\/li>\n\n\n\n<li class=\"has-custom-color-1-color has-text-color has-link-color has-medium-font-size wp-elements-bceb8afe83e0d221e5238eebd570ac5d\" style=\"line-height:2\">Pablo Ziegler (1944)\n<ul class=\"wp-block-list\">\n<li class=\"has-custom-color-1-color has-text-color has-link-color has-small-font-size wp-elements-f3ad0c3c995af6ffb0711b1d9fc9d537\" style=\"font-style:normal;font-weight:400\">Elegante Canyenguito<\/li>\n<\/ul>\n<\/li>\n<\/ul>\n<\/li>\n<\/ul>\n<\/div>\n<\/div>\n\n\n\n<div class=\"wp-block-columns alignwide is-layout-flex wp-container-core-columns-is-layout-28f84493 wp-block-columns-is-layout-flex\">\n<div class=\"wp-block-column is-vertically-aligned-top is-layout-flow wp-container-core-column-is-layout-053e94e8 wp-block-column-is-layout-flow\" style=\"padding-right:0;padding-left:0\">\n<ul class=\"wp-block-list has-custom-color-1-color has-text-color has-link-color has-bd-supper-font-family wp-elements-f93483fa09e2e7611162db2256d478f0\">\n<li class=\"has-large-font-size\"><strong>BRASIL<\/strong>\n<ul class=\"wp-block-list\">\n<li class=\"has-medium-font-size\" style=\"font-style:normal;font-weight:700;line-height:2\">&nbsp;Lina Pires de Campos (1918-2003)\n<ul class=\"wp-block-list\">\n<li class=\"has-small-font-size\" style=\"font-style:normal;font-weight:400\">Preludiando<\/li>\n\n\n\n<li class=\"has-small-font-size\" style=\"font-style:normal;font-weight:400\">Valsa Choro<\/li>\n<\/ul>\n<\/li>\n\n\n\n<li class=\"has-medium-font-size\" style=\"font-style:normal;font-weight:700;line-height:2\">Marlos Nobre (1939-2024)\n<ul class=\"wp-block-list\">\n<li class=\"has-small-font-size\" style=\"font-style:normal;font-weight:400\">Desaf\u00edo XI Op. 31 No. 11a<\/li>\n<\/ul>\n<\/li>\n\n\n\n<li class=\"has-medium-font-size\" style=\"font-style:normal;font-weight:700;line-height:2\">Ant\u00f4nio Carlos Gomes (1836-1896)\n<ul class=\"wp-block-list\">\n<li class=\"has-small-font-size\" style=\"font-style:normal;font-weight:400\">Air<\/li>\n<\/ul>\n<\/li>\n\n\n\n<li class=\"has-medium-font-size\"><strong>Hercules Gomes<\/strong> <strong>(1980)<\/strong>\n<ul class=\"wp-block-list\">\n<li class=\"has-small-font-size\">Plat\u00f4nica<\/li>\n<\/ul>\n<\/li>\n<\/ul>\n<\/li>\n<\/ul>\n\n\n\n<ul class=\"wp-block-list\">\n<li class=\"has-custom-color-1-color has-text-color has-link-color has-bd-supper-font-family has-large-font-size wp-elements-4bfcde2483bf67ab20054c3ad18440d3\" style=\"font-style:normal;font-weight:700\"><strong>COL\u00d4MBIA<\/strong>\n<ul class=\"wp-block-list\">\n<li class=\"has-custom-color-1-color has-text-color has-link-color has-bd-supper-font-family has-medium-font-size wp-elements-7c56c424d25a2c8d48ec97f7e7e068c4\" style=\"font-style:normal;font-weight:400\"><strong>Mauricio Murcia&nbsp;<\/strong>&nbsp;\n<ul class=\"wp-block-list\">\n<li class=\"has-custom-color-1-color has-text-color has-link-color has-bd-supper-font-family has-small-font-size wp-elements-1ef18841642b80749bfb3a3545a966ad\" style=\"font-style:normal;font-weight:400\">Tr\u00f3pico&nbsp;&nbsp;<\/li>\n<\/ul>\n<\/li>\n<\/ul>\n<\/li>\n<\/ul>\n\n\n\n<ul class=\"wp-block-list\">\n<li class=\"has-custom-color-1-color has-text-color has-link-color has-bd-supper-font-family has-large-font-size wp-elements-5958f5d5899a73e34402376f771a781c\" style=\"font-style:normal;font-weight:700;line-height:2\"><strong>URUGUAI \u2013 EUA<\/strong>\n<ul class=\"wp-block-list\">\n<li class=\"has-custom-color-1-color has-text-color has-link-color has-bd-supper-font-family has-medium-font-size wp-elements-a8507ca629c97d27ebbde0552cc47cc5\" style=\"font-style:normal;font-weight:700;line-height:2\">Miguel del \u00c1guila&nbsp;\n<ul class=\"wp-block-list\">\n<li class=\"has-custom-color-1-color has-text-color has-link-color has-bd-supper-font-family has-small-font-size wp-elements-a19a6588f5304173f0a68b2b1811d36f\" style=\"font-style:normal;font-weight:400;line-height:2\">Pacific Serenade<\/li>\n\n\n\n<li class=\"has-custom-color-1-color has-text-color has-link-color has-bd-supper-font-family has-small-font-size wp-elements-3c1220a05932bd68bf335e219e7035d4\" style=\"font-style:normal;font-weight:400;line-height:2\">Milonga<\/li>\n<\/ul>\n<\/li>\n<\/ul>\n<\/li>\n<\/ul>\n<\/div>\n\n\n\n<div class=\"wp-block-column is-layout-flow wp-block-column-is-layout-flow\" style=\"padding-right:0;padding-left:0\">\n<ul class=\"wp-block-list\">\n<li class=\"has-custom-color-1-color has-text-color has-link-color has-bd-supper-font-family has-large-font-size wp-elements-be4b6da4d93165bd3ca7775fac37b34c\" style=\"font-style:normal;font-weight:700\"><strong>CUBA<\/strong>\n<ul class=\"wp-block-list\">\n<li class=\"has-custom-color-1-color has-text-color has-link-color has-bd-supper-font-family has-medium-font-size wp-elements-d82ec5adc4ebc520e3ef5e3fc9c3f345\" style=\"line-height:2\">Ailem Carvajal- G\u00f3mez (1972)\n<ul class=\"wp-block-list\">\n<li class=\"has-custom-color-1-color has-text-color has-link-color has-bd-supper-font-family has-small-font-size wp-elements-a732e074ff5b02567d4d1d7d3f3f4047\">Suite Caribeana \n<ul class=\"wp-block-list\">\n<li class=\"has-custom-color-1-color has-text-color has-link-color has-bd-supper-font-family has-small-font-size wp-elements-e2c1c7819850534b7bc3d94a6239d126\" style=\"font-style:normal;font-weight:400\">La Quejosita&nbsp;<\/li>\n\n\n\n<li class=\"has-custom-color-1-color has-text-color has-link-color has-bd-supper-font-family has-small-font-size wp-elements-2390804403b5af0c6a82ec896c116b57\" style=\"font-style:normal;font-weight:400\">El pa\u00f1uelo de Pepa<\/li>\n\n\n\n<li class=\"has-custom-color-1-color has-text-color has-link-color has-bd-supper-font-family has-small-font-size wp-elements-44502de522c0e8dc6f5fe83b3b10b88b\" style=\"font-style:normal;font-weight:400\">La camag\u00fceyana<\/li>\n\n\n\n<li class=\"has-custom-color-1-color has-text-color has-link-color has-bd-supper-font-family has-small-font-size wp-elements-8e51d2038b103e0146bb6ebdd98956bc\" style=\"font-style:normal;font-weight:400\">Los delirios de Rosita<\/li>\n\n\n\n<li class=\"has-custom-color-1-color has-text-color has-link-color has-bd-supper-font-family has-small-font-size wp-elements-27c49ae7d65afaeac7fc14e153d3dda8\" style=\"font-style:normal;font-weight:400\">Los mu\u00f1ecos<\/li>\n<\/ul>\n<\/li>\n<\/ul>\n<\/li>\n\n\n\n<li class=\"has-custom-color-1-color has-text-color has-link-color has-bd-supper-font-family has-medium-font-size wp-elements-7b9555bc68fddfef83bb22dc9d41e5c9\" style=\"line-height:2\">Paquito d \u0301Rivera (Cuba 1948)\n<ul class=\"wp-block-list\">\n<li class=\"has-custom-color-1-color has-text-color has-link-color has-bd-supper-font-family has-small-font-size wp-elements-4c215e62e8864242dcf56b99ffec5794\">Tr\u00eas Danzas&nbsp; &nbsp; &nbsp; &nbsp;&nbsp;&nbsp;&nbsp;&nbsp;&nbsp;&nbsp;&nbsp;&nbsp;&nbsp;\n<ul class=\"wp-block-list\">\n<li class=\"has-custom-color-1-color has-text-color has-link-color has-bd-supper-font-family has-small-font-size wp-elements-6f87793b934cef3e986ffa8077ba8d65\" style=\"font-style:normal;font-weight:400\">Contradanza<\/li>\n\n\n\n<li class=\"has-custom-color-1-color has-text-color has-link-color has-bd-supper-font-family has-small-font-size wp-elements-8c273d1aff22d10bdc721201a4d92643\" style=\"font-style:normal;font-weight:400\">Habanera<\/li>\n\n\n\n<li class=\"has-custom-color-1-color has-text-color has-link-color has-bd-supper-font-family has-small-font-size wp-elements-031b3a81cff058ba6ad1a6e051502879\" style=\"font-style:normal;font-weight:400\">Vals Venezolano<\/li>\n<\/ul>\n<\/li>\n<\/ul>\n<\/li>\n\n\n\n<li class=\"has-custom-color-1-color has-text-color has-link-color has-bd-supper-font-family has-medium-font-size wp-elements-d44005aeea8990b6a7a30b7628872caf\" style=\"line-height:2\">Jos\u00e9 Mar\u00eda Vitier (Cuba 1954)\n<ul class=\"wp-block-list\">\n<li class=\"has-custom-color-1-color has-text-color has-link-color has-bd-supper-font-family has-small-font-size wp-elements-c5fc0450c7d184185173230e05c295e1\" style=\"font-style:normal;font-weight:400\">Miradas Furtivas &nbsp; &nbsp; &nbsp; &nbsp;<\/li>\n\n\n\n<li class=\"has-custom-color-1-color has-text-color has-link-color has-bd-supper-font-family has-small-font-size wp-elements-104f9da23a753d5cd684da6a6f481d87\" style=\"font-style:normal;font-weight:400\">Bienaventuranzas (sele\u00e7\u00e3o)<\/li>\n<\/ul>\n<\/li>\n<\/ul>\n<\/li>\n<\/ul>\n<\/div>\n<\/div>","protected":false},"excerpt":{"rendered":"","protected":false},"author":1,"featured_media":0,"parent":0,"menu_order":0,"comment_status":"closed","ping_status":"closed","template":"","meta":{"footnotes":""},"class_list":["post-74","page","type-page","status-publish","hentry"],"_links":{"self":[{"href":"https:\/\/tlakuikatl.mx\/pt\/wp-json\/wp\/v2\/pages\/74","targetHints":{"allow":["GET"]}}],"collection":[{"href":"https:\/\/tlakuikatl.mx\/pt\/wp-json\/wp\/v2\/pages"}],"about":[{"href":"https:\/\/tlakuikatl.mx\/pt\/wp-json\/wp\/v2\/types\/page"}],"author":[{"embeddable":true,"href":"https:\/\/tlakuikatl.mx\/pt\/wp-json\/wp\/v2\/users\/1"}],"replies":[{"embeddable":true,"href":"https:\/\/tlakuikatl.mx\/pt\/wp-json\/wp\/v2\/comments?post=74"}],"version-history":[{"count":62,"href":"https:\/\/tlakuikatl.mx\/pt\/wp-json\/wp\/v2\/pages\/74\/revisions"}],"predecessor-version":[{"id":481,"href":"https:\/\/tlakuikatl.mx\/pt\/wp-json\/wp\/v2\/pages\/74\/revisions\/481"}],"wp:attachment":[{"href":"https:\/\/tlakuikatl.mx\/pt\/wp-json\/wp\/v2\/media?parent=74"}],"curies":[{"name":"wp","href":"https:\/\/api.w.org\/{rel}","templated":true}]}}