{"id":212,"date":"2025-05-05T19:50:29","date_gmt":"2025-05-05T19:50:29","guid":{"rendered":"http:\/\/tlakuikatl.mx\/?page_id=212"},"modified":"2025-06-13T07:55:10","modified_gmt":"2025-06-13T07:55:10","slug":"francisco-ivan-fuentes-gonzalez","status":"publish","type":"page","link":"https:\/\/tlakuikatl.mx\/pt\/francisco-ivan-fuentes-gonzalez\/","title":{"rendered":"Francisco Iv\u00e1n Fuentes Gonz\u00e1lez"},"content":{"rendered":"<figure class=\"wp-block-image alignfull size-large\" style=\"margin-top:var(--wp--preset--spacing--10);margin-right:var(--wp--preset--spacing--30);margin-bottom:var(--wp--preset--spacing--40);margin-left:var(--wp--preset--spacing--30)\"><img loading=\"lazy\" decoding=\"async\" width=\"1024\" height=\"683\" src=\"http:\/\/tlakuikatl.mx\/wp-content\/uploads\/2025\/04\/Berlin-8-1024x683.jpg\" alt=\"\" class=\"wp-image-31\" srcset=\"https:\/\/tlakuikatl.mx\/wp-content\/uploads\/2025\/04\/Berlin-8-1024x683.jpg 1024w, https:\/\/tlakuikatl.mx\/wp-content\/uploads\/2025\/04\/Berlin-8-300x200.jpg 300w, https:\/\/tlakuikatl.mx\/wp-content\/uploads\/2025\/04\/Berlin-8-768x512.jpg 768w, https:\/\/tlakuikatl.mx\/wp-content\/uploads\/2025\/04\/Berlin-8-1536x1024.jpg 1536w, https:\/\/tlakuikatl.mx\/wp-content\/uploads\/2025\/04\/Berlin-8-2048x1365.jpg 2048w\" sizes=\"auto, (max-width: 1024px) 100vw, 1024px\" \/><\/figure>\n\n\n\n<div class=\"wp-block-group alignfull is-vertical is-content-justification-left is-layout-flex wp-container-core-group-is-layout-470cb04b wp-block-group-is-layout-flex\" style=\"padding-top:var(--wp--preset--spacing--10);padding-right:var(--wp--preset--spacing--30);padding-bottom:var(--wp--preset--spacing--30);padding-left:var(--wp--preset--spacing--30)\">\n<p class=\"has-custom-color-1-color has-text-color has-link-color has-bd-supper-font-family has-large-font-size wp-elements-fbc69fab0bf2b8291a1db17d843f7d92\">Nascido na Cidade do M\u00e9xico, Francisco Iv\u00e1n vem de uma fam\u00edlia de m\u00fasicos com uma s\u00f3lida tradi\u00e7\u00e3o na m\u00fasica tradicional mexicana. Come\u00e7ou seus estudos musicais desde muito jovem. Fez a gradua\u00e7\u00e3o na Escola Superior de M\u00fasica do INBA, na classe do clarinetista mexicano Luis Humberto Ramos.<br><\/p>\n\n\n\n<p class=\"has-custom-color-1-color has-text-color has-link-color has-bd-supper-font-family has-large-font-size wp-elements-f90707a00a6ad735bca3627d95910e46\">Foi premiado em diversos concursos nacionais, entre eles o '1\u00ba Concurso Nacional de Clarinete Baixo FaM-UNAM', onde obteve o segundo lugar, e o 'Concurso Nacional de M\u00fasica de C\u00e2mara Ollin Yoliztli', no qual tamb\u00e9m recebeu o segundo pr\u00eamio.<\/p>\n\n\n\n<p class=\"has-custom-color-1-color has-text-color has-link-color has-bd-supper-font-family has-large-font-size wp-elements-477270155588fef3465aa8a3837b8043\">Como integrante do quarteto de clarinetes 'Paax-kann', Iv\u00e1n se apresentou em festivais internacionais como o Festival de M\u00fasica de C\u00e2mara de Zacatecas e o Encontro Internacional de Clarinete em Madrid.<\/p>\n\n\n\n<p class=\"has-custom-color-1-color has-text-color has-link-color has-bd-supper-font-family has-large-font-size wp-elements-7af7e5864dbd6c2c092a27738f3bda6d\">Como solista, participou de eventos como o 'Festival de M\u00fasica de C\u00e2mara para Madeiras' na cidade de Puebla, o 'Festival Universit\u00e1rio de Clarinete UNAM', o 'Instrumenta Oaxaca' e o 'Encontro de Bandas Sinf\u00f4nicas UDLAP'. Foi solista e bolsista da Orquestra Sinf\u00f4nica Carlos Ch\u00e1vez, al\u00e9m de membro da Orquestra Sinf\u00f4nica Mexiquense e da Orquestra Filarm\u00f4nica da Cidade do M\u00e9xico. Tamb\u00e9m colaborou com a Orquestra Sinf\u00f4nica do Instituto Polit\u00e9cnico Nacional e a Filarm\u00f4nica de Boca del R\u00edo.<\/p>\n\n\n\n<p class=\"has-custom-color-1-color has-text-color has-link-color has-bd-supper-font-family has-large-font-size wp-elements-ff1dcfd36910592255cc29f59863deb5\">Recebeu importantes influ\u00eancias musicais ao participar de masterclasses com reconhecidos clarinetistas como Sean Osborn, Manfred Pries, Andr\u00e9 Moisan e Jerzy Kaplanek.<\/p>\n\n\n\n<p class=\"has-custom-color-1-color has-text-color has-link-color has-bd-supper-font-family has-large-font-size wp-elements-874457e60e801267b07dc8241575fb1c\">Faz parte de diversos conjuntos, entre os quais se destacam o quarteto de clarinetes Paax Kan e o Duo Tlakuikatl, com o qual levou sua proposta art\u00edstica a cen\u00e1rios internacionais, se apresentando em cidades como Berlim, Weimar e Leipzig.<br><\/p>\n\n\n\n<p class=\"has-custom-color-1-color has-text-color has-link-color has-bd-supper-font-family has-large-font-size wp-elements-04242fa3a66463f4c10433500d82d47b\">Desde 2020, estuda saxofone e clarinete requinto com o m\u00fasico espanhol Javier Llopis.<\/p>\n\n\n\n<p class=\"has-custom-color-1-color has-text-color has-link-color has-bd-supper-font-family has-large-font-size wp-elements-1ba7aa49550467ef818da629466a39c7\">Como docente, compartilhou sua experi\u00eancia em sess\u00f5es de trabalho com a Orquestra Jovem da Cidade do M\u00e9xico, ministrou aulas na Casa de Cultura de Xochimilco e atuou como professor de clarinete no programa 'Coros e Orquestras Sinf\u00f4nicas Esperan\u00e7a Azteca<\/p>\n\n\n\n<p class=\"has-custom-color-1-color has-text-color has-link-color has-bd-supper-font-family has-large-font-size wp-elements-3991ac06fd8b95366f477d4b4843f7bd\">Atualmente, Iv\u00e1n \u00e9 clarinetista baixo da Filarm\u00f4nica de Acapulco e tamb\u00e9m \u00e9 docente no programa 'Fomento Musical'.<\/p>\n<\/div>\n\n\n\n<hr class=\"wp-block-separator alignwide has-alpha-channel-opacity\"\/>\n\n\n\n<div class=\"wp-block-columns alignfull is-layout-flex wp-container-core-columns-is-layout-28f84493 wp-block-columns-is-layout-flex\">\n<div class=\"wp-block-column is-vertically-aligned-center is-layout-flow wp-block-column-is-layout-flow\" style=\"padding-top:var(--wp--preset--spacing--20);padding-right:var(--wp--preset--spacing--30);padding-bottom:var(--wp--preset--spacing--20);padding-left:var(--wp--preset--spacing--30)\">\n<p class=\"has-text-align-center has-bd-supper-font-family has-large-font-size\"><a href=\"http:\/\/tlakuikatl.mx\/pt\/bio\/\" data-type=\"page\" data-id=\"72\">Duo<\/a><\/p>\n<\/div>\n\n\n\n<div class=\"wp-block-column is-vertically-aligned-center is-layout-flow wp-block-column-is-layout-flow\" style=\"padding-top:var(--wp--preset--spacing--20);padding-right:var(--wp--preset--spacing--30);padding-bottom:var(--wp--preset--spacing--20);padding-left:var(--wp--preset--spacing--30)\">\n<p class=\"has-text-align-center has-bd-supper-font-family has-large-font-size\"><a href=\"http:\/\/tlakuikatl.mx\/pt\/gloria-estela-perez-athie\/\" data-type=\"page\" data-id=\"209\">Gloria Estela P\u00e9rez Athi\u00e9<\/a><\/p>\n<\/div>\n<\/div>\n\n\n\n<p><\/p>","protected":false},"excerpt":{"rendered":"<p>Nacido en la Ciudad de M\u00e9xico, Francisco Iv\u00e1n proviene de una familia de m\u00fasicos con una s\u00f3lida tradici\u00f3n en la m\u00fasica tradicional mexicana. Comenz\u00f3 sus estudios musicales a muy temprana edad. Realiz\u00f3 la licenciatura en la Escuela Superior de M\u00fasica del INBA, en la clase del clarinetista mexicano Luis Humberto Ramos. Ha sido galardonado en [&hellip;]<\/p>\n","protected":false},"author":1,"featured_media":0,"parent":0,"menu_order":0,"comment_status":"closed","ping_status":"closed","template":"","meta":{"footnotes":""},"class_list":["post-212","page","type-page","status-publish","hentry"],"_links":{"self":[{"href":"https:\/\/tlakuikatl.mx\/pt\/wp-json\/wp\/v2\/pages\/212","targetHints":{"allow":["GET"]}}],"collection":[{"href":"https:\/\/tlakuikatl.mx\/pt\/wp-json\/wp\/v2\/pages"}],"about":[{"href":"https:\/\/tlakuikatl.mx\/pt\/wp-json\/wp\/v2\/types\/page"}],"author":[{"embeddable":true,"href":"https:\/\/tlakuikatl.mx\/pt\/wp-json\/wp\/v2\/users\/1"}],"replies":[{"embeddable":true,"href":"https:\/\/tlakuikatl.mx\/pt\/wp-json\/wp\/v2\/comments?post=212"}],"version-history":[{"count":16,"href":"https:\/\/tlakuikatl.mx\/pt\/wp-json\/wp\/v2\/pages\/212\/revisions"}],"predecessor-version":[{"id":476,"href":"https:\/\/tlakuikatl.mx\/pt\/wp-json\/wp\/v2\/pages\/212\/revisions\/476"}],"wp:attachment":[{"href":"https:\/\/tlakuikatl.mx\/pt\/wp-json\/wp\/v2\/media?parent=212"}],"curies":[{"name":"wp","href":"https:\/\/api.w.org\/{rel}","templated":true}]}}