{"id":209,"date":"2025-05-05T19:49:27","date_gmt":"2025-05-05T19:49:27","guid":{"rendered":"http:\/\/tlakuikatl.mx\/?page_id=209"},"modified":"2025-06-09T15:53:10","modified_gmt":"2025-06-09T15:53:10","slug":"gloria-estela-perez-athie","status":"publish","type":"page","link":"https:\/\/tlakuikatl.mx\/pt\/gloria-estela-perez-athie\/","title":{"rendered":"Gloria Estela P\u00e9rez Athi\u00e9"},"content":{"rendered":"<div class=\"wp-block-columns alignfull is-layout-flex wp-container-core-columns-is-layout-28f84493 wp-block-columns-is-layout-flex\">\n<div class=\"wp-block-column is-layout-flow wp-block-column-is-layout-flow\" style=\"flex-basis:100%\">\n<figure class=\"wp-block-image alignfull size-large\" style=\"margin-top:var(--wp--preset--spacing--10);margin-right:var(--wp--preset--spacing--30);margin-bottom:var(--wp--preset--spacing--40);margin-left:var(--wp--preset--spacing--30)\"><img loading=\"lazy\" decoding=\"async\" width=\"1024\" height=\"683\" src=\"http:\/\/tlakuikatl.mx\/wp-content\/uploads\/2025\/04\/Berlin-7-1024x683.jpg\" alt=\"\" class=\"wp-image-29\" srcset=\"https:\/\/tlakuikatl.mx\/wp-content\/uploads\/2025\/04\/Berlin-7-1024x683.jpg 1024w, https:\/\/tlakuikatl.mx\/wp-content\/uploads\/2025\/04\/Berlin-7-300x200.jpg 300w, https:\/\/tlakuikatl.mx\/wp-content\/uploads\/2025\/04\/Berlin-7-768x512.jpg 768w, https:\/\/tlakuikatl.mx\/wp-content\/uploads\/2025\/04\/Berlin-7-1536x1024.jpg 1536w, https:\/\/tlakuikatl.mx\/wp-content\/uploads\/2025\/04\/Berlin-7-2048x1365.jpg 2048w\" sizes=\"auto, (max-width: 1024px) 100vw, 1024px\" \/><\/figure>\n<\/div>\n<\/div>\n\n\n\n<div class=\"wp-block-group alignfull is-vertical is-content-justification-center is-layout-flex wp-container-core-group-is-layout-fe6ab28d wp-block-group-is-layout-flex\" style=\"padding-top:var(--wp--preset--spacing--10);padding-right:var(--wp--preset--spacing--30);padding-bottom:0;padding-left:var(--wp--preset--spacing--30)\">\n<p class=\"has-custom-color-1-color has-text-color has-link-color has-bd-supper-font-family has-large-font-size wp-elements-658d33351803cfe41e0c2374c6ffae87\">Origin\u00e1ria da Cidade do M\u00e9xico, Gloria Estela P\u00e9rez Athi\u00e9 se formou com men\u00e7\u00e3o honrosa na Escuela Superior de M\u00fasica do INBA, onde estudou com a destacada pianista cubana Ileana Bautista. Ao longo de sua forma\u00e7\u00e3o, tamb\u00e9m teve aulas com renomados mestres como Fernando Garc\u00eda Torres, Ana Mar\u00eda Tradatti e Svetlana Logounova.<\/p>\n<\/div>\n\n\n\n<div class=\"wp-block-group alignfull is-vertical is-content-justification-center is-layout-flex wp-container-core-group-is-layout-dc172d6c wp-block-group-is-layout-flex\" style=\"padding-right:var(--wp--preset--spacing--30);padding-left:var(--wp--preset--spacing--30)\">\n<p class=\"has-custom-color-1-color has-text-color has-link-color has-bd-supper-font-family has-large-font-size wp-elements-e8fbcfb4e97f381ed9fcaaf5861d68cd\">Em 2020, obteve o mestrado com especializa\u00e7\u00e3o em m\u00fasica de c\u00e2mara na Hochschule f\u00fcr Musik \u201cFranz Liszt\u201d em Weimar, Alemanha, sob a orienta\u00e7\u00e3o da professora Gerlinde Otto.<\/p>\n<\/div>\n\n\n\n<div class=\"wp-block-group alignfull is-vertical is-content-justification-center is-layout-flex wp-container-core-group-is-layout-dc172d6c wp-block-group-is-layout-flex\" style=\"padding-right:var(--wp--preset--spacing--30);padding-left:var(--wp--preset--spacing--30)\">\n<p class=\"has-custom-color-1-color has-text-color has-link-color has-bd-supper-font-family has-large-font-size wp-elements-d88ee1e9b05fec991f474e49ba5ed521\">Recebeu do governo mexicano o \u201cPr\u00eamio Nacional da Juventude 2006\u201d e, em 2011, foi premiada com o \u201cPr\u00eamio da Juventude do Distrito Federal\u201d pelo governo da Cidade do M\u00e9xico.<\/p>\n<\/div>\n\n\n\n<div class=\"wp-block-group alignfull is-vertical is-content-justification-center is-layout-flex wp-container-core-group-is-layout-dc172d6c wp-block-group-is-layout-flex\" style=\"padding-right:var(--wp--preset--spacing--30);padding-left:var(--wp--preset--spacing--30)\">\n<p class=\"has-custom-color-1-color has-text-color has-link-color has-bd-supper-font-family has-large-font-size wp-elements-c31d8f811c7c86b248fd0904976790bf\">Foi vencedora de diversos concursos nacionais de piano e m\u00fasica de c\u00e2mara, entre os quais se destacam: V Concurso Nacional de Piano Ang\u00e9lica Morales \u2013 Yamaha 2006 no qual conquistou o terceiro lugar e um pr\u00eamio especial pela melhor interpreta\u00e7\u00e3o de uma obra contempor\u00e2nea mexicana. III Concurso Internacional de Piano \u201cJos\u00e9 Jacinto Cuevas-Yamaha\u201d, onde alcan\u00e7ou o quarto lugar, e no VII Concurso Nacional de M\u00fasica de C\u00e2mara da ESM, foi agraciada com o primeiro lugar.<\/p>\n<\/div>\n\n\n\n<div class=\"wp-block-group alignfull is-vertical is-content-justification-center is-layout-flex wp-container-core-group-is-layout-dc172d6c wp-block-group-is-layout-flex\" style=\"padding-right:var(--wp--preset--spacing--30);padding-left:var(--wp--preset--spacing--30)\">\n<p class=\"has-custom-color-1-color has-text-color has-link-color has-bd-supper-font-family has-large-font-size wp-elements-353550d4c4185a4c3728c0a4b740760b\">Ela se apresentou nas principais salas do M\u00e9xico, como a Sala Principal do Pal\u00e1cio de Bellas Artes, o Audit\u00f3rio Blas Galindo, a Sala Carlos Ch\u00e1vez, a Sala Silvestre Revueltas e o Teatro da Cidade, entre outras. Na Alemanha, tocou na renomada Liszt-Haus de Weimar, no 14\u00b0 Festival de Piano de Bayreuth e, dentro do ciclo de concertos\"<em>Lieblings Lieder<\/em>\u201d, como parte do projeto de m\u00fasica brasileira \u201cThe South American Way\u201d, no Deutsche National Theater (DNT) de Weimar. Tamb\u00e9m realizou apresenta\u00e7\u00f5es na Espanha, Gr\u00e9cia, It\u00e1lia e Panam\u00e1.<\/p>\n<\/div>\n\n\n\n<div class=\"wp-block-group alignfull is-vertical is-content-justification-center is-layout-flex wp-container-core-group-is-layout-dc172d6c wp-block-group-is-layout-flex\" style=\"padding-right:var(--wp--preset--spacing--30);padding-left:var(--wp--preset--spacing--30)\">\n<p class=\"has-custom-color-1-color has-text-color has-link-color has-bd-supper-font-family has-large-font-size wp-elements-4ef144f75bc577a175a7a0f30694c1ed\">Gloria recebeu bolsas de importantes funda\u00e7\u00f5es, como o Fundo Nacional para a Cultura e as Artes (FONCA), a Funda\u00e7\u00e3o Lorena Alejandra Gallardo (FLAG) e a Funda\u00e7\u00e3o INBA.<\/p>\n<\/div>\n\n\n\n<div class=\"wp-block-group alignfull is-vertical is-content-justification-center is-layout-flex wp-container-core-group-is-layout-dc172d6c wp-block-group-is-layout-flex\" style=\"padding-right:var(--wp--preset--spacing--30);padding-left:var(--wp--preset--spacing--30)\">\n<p class=\"has-custom-color-1-color has-text-color has-link-color has-bd-supper-font-family has-large-font-size wp-elements-cfbfa1fbdb47b4766fa0bea4e160e867\">No \u00e2mbito docente, conta com mais de 15 anos de experi\u00eancia ensinando. Trabalhou na Escola Estadual de M\u00fasica \u201cJohann Sebastian Bach\u201d em Eisenach, Alemanha, e atualmente exerce a fun\u00e7\u00e3o de professora de piano e pianista acompanhante na Escola de M\u00fasica do Saale-Holzland-Kreis, onde tamb\u00e9m coordena a \u00e1rea de piano.<\/p>\n<\/div>\n\n\n\n<div class=\"wp-block-group alignfull is-vertical is-content-justification-center is-layout-flex wp-container-core-group-is-layout-4e04d9ae wp-block-group-is-layout-flex\" style=\"padding-right:var(--wp--preset--spacing--30);padding-bottom:var(--wp--preset--spacing--30);padding-left:var(--wp--preset--spacing--30)\">\n<p class=\"has-custom-color-1-color has-text-color has-link-color has-bd-supper-font-family has-large-font-size wp-elements-88d12c5b11ba7ccdd7ae30d1ac36991d\">Atualmente, reside em Weimar e dedica-se principalmente \u00e0 m\u00fasica cl\u00e1ssica latino-americana. Est\u00e1 ativa em diversos projetos de m\u00fasica de c\u00e2mara, incluindo o D\u00fao Tlakuikatl, um duo de clarinete e piano, e o D\u00fao Rud\u00e1, que fundou junto ao tenor brasileiro Gabriel Pereira. Ela tamb\u00e9m faz parte do projeto \u201cThe South American Way\u201d, onde compartilha o palco com os m\u00fasicos brasileiros Daniela Vega, Andr\u00e9 Rabello, Gabriel Pereira, Igor Seiji e Mariano Gonzalez. Com esses conjuntos, se apresentou em cidades como Berlim, Leipzig, Sondershausen, Erfurt, Kassel, entre outras.<\/p>\n<\/div>\n\n\n\n<div class=\"wp-block-group alignwide has-global-padding is-layout-constrained wp-block-group-is-layout-constrained\">\n<div class=\"wp-block-columns is-layout-flex wp-container-core-columns-is-layout-28f84493 wp-block-columns-is-layout-flex\">\n<div class=\"wp-block-column is-vertically-aligned-center is-layout-flow wp-block-column-is-layout-flow\"><\/div>\n<\/div>\n\n\n\n<hr class=\"wp-block-separator alignfull has-alpha-channel-opacity\"\/>\n<\/div>\n\n\n\n<div class=\"wp-block-columns alignfull is-layout-flex wp-container-core-columns-is-layout-6f8f8055 wp-block-columns-is-layout-flex\" style=\"padding-top:var(--wp--preset--spacing--20);padding-right:var(--wp--preset--spacing--30);padding-bottom:var(--wp--preset--spacing--20);padding-left:var(--wp--preset--spacing--30)\">\n<div class=\"wp-block-column is-vertically-aligned-center is-layout-flow wp-block-column-is-layout-flow\" style=\"padding-right:var(--wp--preset--spacing--10);padding-left:var(--wp--preset--spacing--10)\">\n<p class=\"has-text-align-center has-bd-supper-font-family has-large-font-size\"><a href=\"http:\/\/tlakuikatl.mx\/pt\/bio\/\" data-type=\"page\" data-id=\"72\">Duo<\/a><\/p>\n<\/div>\n\n\n\n<div class=\"wp-block-column is-vertically-aligned-center is-layout-flow wp-block-column-is-layout-flow\" style=\"padding-right:var(--wp--preset--spacing--20);padding-left:var(--wp--preset--spacing--20)\">\n<p class=\"has-text-align-center has-bd-supper-font-family has-large-font-size\"><a href=\"http:\/\/tlakuikatl.mx\/pt\/francisco-ivan-fuentes-gonzalez\/\" data-type=\"page\" data-id=\"212\">Francisco Iv\u00e1n Fuentes Gonz\u00e1lez<\/a><\/p>\n<\/div>\n<\/div>\n\n\n\n<p><\/p>","protected":false},"excerpt":{"rendered":"<p>Originaria de la Ciudad de M\u00e9xico, Gloria Estela P\u00e9rez Athi\u00e9 se gradu\u00f3 con menci\u00f3n honor\u00edfica de la Escuela Superior de M\u00fasica INBA, donde estudi\u00f3 con la destacada pianista cubana Ileana Bautista. A lo largo de su formaci\u00f3n, tambi\u00e9n recibi\u00f3 clases de reconocidos maestros como Fernando Garc\u00eda Torres, Ana Mar\u00eda Tradatti y Svetlana Logounova. En 2020, [&hellip;]<\/p>\n","protected":false},"author":1,"featured_media":0,"parent":0,"menu_order":0,"comment_status":"closed","ping_status":"closed","template":"","meta":{"footnotes":""},"class_list":["post-209","page","type-page","status-publish","hentry"],"_links":{"self":[{"href":"https:\/\/tlakuikatl.mx\/pt\/wp-json\/wp\/v2\/pages\/209","targetHints":{"allow":["GET"]}}],"collection":[{"href":"https:\/\/tlakuikatl.mx\/pt\/wp-json\/wp\/v2\/pages"}],"about":[{"href":"https:\/\/tlakuikatl.mx\/pt\/wp-json\/wp\/v2\/types\/page"}],"author":[{"embeddable":true,"href":"https:\/\/tlakuikatl.mx\/pt\/wp-json\/wp\/v2\/users\/1"}],"replies":[{"embeddable":true,"href":"https:\/\/tlakuikatl.mx\/pt\/wp-json\/wp\/v2\/comments?post=209"}],"version-history":[{"count":22,"href":"https:\/\/tlakuikatl.mx\/pt\/wp-json\/wp\/v2\/pages\/209\/revisions"}],"predecessor-version":[{"id":454,"href":"https:\/\/tlakuikatl.mx\/pt\/wp-json\/wp\/v2\/pages\/209\/revisions\/454"}],"wp:attachment":[{"href":"https:\/\/tlakuikatl.mx\/pt\/wp-json\/wp\/v2\/media?parent=209"}],"curies":[{"name":"wp","href":"https:\/\/api.w.org\/{rel}","templated":true}]}}