{"id":72,"date":"2025-05-04T16:36:18","date_gmt":"2025-05-04T16:36:18","guid":{"rendered":"http:\/\/tlakuikatl.mx\/?page_id=72"},"modified":"2025-06-09T16:16:34","modified_gmt":"2025-06-09T16:16:34","slug":"bio","status":"publish","type":"page","link":"https:\/\/tlakuikatl.mx\/es\/bio\/","title":{"rendered":"Biograf\u00eda"},"content":{"rendered":"\n<div class=\"wp-block-columns alignfull is-layout-flex wp-container-core-columns-is-layout-1a2ddb66 wp-block-columns-is-layout-flex\" style=\"padding-right:var(--wp--preset--spacing--30);padding-left:var(--wp--preset--spacing--30)\">\n<div class=\"wp-block-column is-vertically-aligned-center is-layout-flow wp-block-column-is-layout-flow\" style=\"flex-basis:50%\">\n<p class=\"has-custom-color-1-color has-text-color has-link-color has-bd-supper-font-family has-large-font-size wp-elements-496382924bd6379a31afb288934a8c4f\" style=\"margin-right:var(--wp--preset--spacing--10);margin-left:var(--wp--preset--spacing--20)\"><a href=\"http:\/\/tlakuikatl.mx\/francisco-ivan-fuentes-gonzalez\/\" data-type=\"page\" data-id=\"212\">Iv\u00e1n Fuentes<\/a> y <a href=\"http:\/\/tlakuikatl.mx\/gloria-estela-perez-athie\/\" data-type=\"page\" data-id=\"209\">Gloria P\u00e9rez Athi\u00e9<\/a> conforman un d\u00fao de clarinete y piano dedicado a la interpretaci\u00f3n y difusi\u00f3n de la m\u00fasica latinoamericana.<\/p>\n\n\n\n<p class=\"has-custom-color-1-color has-text-color has-link-color has-bd-supper-font-family has-large-font-size wp-elements-1f423877e69254aab70f0f1ff7bfe990\" style=\"margin-right:var(--wp--preset--spacing--10);margin-left:var(--wp--preset--spacing--20)\">Su colaboraci\u00f3n se remonta al a\u00f1o 2007, cuando coincidieron como estudiantes en la Escuela Superior de M\u00fasica. Tras a\u00f1os de desarrollo profesional individual, en 2021 retomaron su actividad musical conjunta, lo que marc\u00f3 el inicio del d\u00fao Tlakuikatl. <\/p>\n\n\n\n<p class=\"has-custom-color-1-color has-text-color has-link-color has-bd-supper-font-family has-large-font-size wp-elements-8c8621a30b98d9b6a1403fbaf99a948c\" style=\"margin-right:var(--wp--preset--spacing--10);margin-left:var(--wp--preset--spacing--20)\">Este proyecto naci\u00f3 de una visi\u00f3n renovada y un compromiso compartido por explorar el repertorio latinoamericano desde una perspectiva art\u00edstica rigurosa y sensible.<\/p>\n<\/div>\n\n\n\n<div class=\"wp-block-column has-global-padding is-layout-constrained wp-container-core-column-is-layout-c42000af wp-block-column-is-layout-constrained\" style=\"padding-top:var(--wp--preset--spacing--20);padding-right:var(--wp--preset--spacing--20);padding-bottom:0;padding-left:var(--wp--preset--spacing--10);flex-basis:50%\">\n<figure class=\"wp-block-image aligncenter size-large has-custom-border\" style=\"margin-top:0;margin-right:0;margin-bottom:0;margin-left:0\"><img loading=\"lazy\" decoding=\"async\" width=\"1024\" height=\"793\" src=\"http:\/\/tlakuikatl.mx\/wp-content\/uploads\/2025\/05\/PXL_20220814_202503780-scaled-e1746474365735-1024x793.jpg\" alt=\"\" class=\"wp-image-178\" style=\"border-style:none;border-width:0px;border-radius:0px\" srcset=\"https:\/\/tlakuikatl.mx\/wp-content\/uploads\/2025\/05\/PXL_20220814_202503780-scaled-e1746474365735-1024x793.jpg 1024w, https:\/\/tlakuikatl.mx\/wp-content\/uploads\/2025\/05\/PXL_20220814_202503780-scaled-e1746474365735-300x232.jpg 300w, https:\/\/tlakuikatl.mx\/wp-content\/uploads\/2025\/05\/PXL_20220814_202503780-scaled-e1746474365735-768x595.jpg 768w, https:\/\/tlakuikatl.mx\/wp-content\/uploads\/2025\/05\/PXL_20220814_202503780-scaled-e1746474365735.jpg 1400w\" sizes=\"auto, (max-width: 1024px) 100vw, 1024px\" \/><\/figure>\n<\/div>\n<\/div>\n\n\n\n<div class=\"wp-block-group alignfull is-vertical is-content-justification-center is-layout-flex wp-container-core-group-is-layout-88113afc wp-block-group-is-layout-flex\" style=\"margin-top:var(--wp--preset--spacing--10);margin-bottom:var(--wp--preset--spacing--10);padding-top:var(--wp--preset--spacing--10);padding-right:var(--wp--preset--spacing--40);padding-bottom:var(--wp--preset--spacing--10);padding-left:var(--wp--preset--spacing--40)\">\n<p class=\"has-custom-color-1-color has-text-color has-link-color has-bd-supper-font-family has-large-font-size wp-elements-ee201f1721fdb16d00bcb3875e004b80\">El nombre del d\u00fao, Tlakuikatl, significa \u201ccanto\u201d en n\u00e1huatl, lengua originaria de M\u00e9xico. Esta elecci\u00f3n refleja su inter\u00e9s por destacar las ra\u00edces culturales del continente y por reivindicar las m\u00faltiples voces que componen su diversidad sonora.<\/p>\n\n\n\n<p class=\"has-custom-color-1-color has-text-color has-link-color has-bd-supper-font-family has-large-font-size wp-elements-0d8f8011ebf45fa26abe4d7c47335797\">Adem\u00e1s de ofrecer una experiencia musical de alta calidad, el d\u00fao se ha propuesto visibilizar el trabajo de creadoras y creadores que, a pesar de su relevancia, han sido hist\u00f3ricamente subrepresentados en los circuitos de la m\u00fasica de concierto.&nbsp;A trav\u00e9s de sus interpretaciones, Iv\u00e1n Fuentes y Gloria P\u00e9rez Athi\u00e9 promueven una lectura cr\u00edtica, viva y comprometida del repertorio latinoamericano.<\/p>\n\n\n\n<p class=\"justified has-custom-color-1-color has-text-color has-link-color has-bd-supper-font-family has-large-font-size wp-elements-678aa492fe0aefc4041957a0d0b343c4\">Tlakuikatl se ha presentado en destacados espacios culturales de M\u00e9xico, como el Museo Mural Diego Rivera, el Teatro de la Paz, la Sala Hermilo Novelo, el Auditorio Blas Galindo, el Castillo de Chapultepec, la Casa Luis Long en Le\u00f3n, Guanajuato, y el Centro Cultural Allende 637 en Morelia, Michoac\u00e1n. En el \u00e1mbito internacional, el d\u00fao ha llevado su propuesta a Alemania, present\u00e1ndose en ciudades como Berl\u00edn, Leipzig, Weimar y Erfurt.&nbsp;<\/p>\n\n\n\n<p class=\"has-custom-color-1-color has-text-color has-link-color has-bd-supper-font-family has-large-font-size wp-elements-b4f977e754c9d8d0df738b00f8b3c765\">Su trabajo ha sido reconocido por su sensibilidad interpretativa, la curadur\u00eda de sus programas y su capacidad para establecer un puente entre el p\u00fablico y las obras que interpretan, abriendo espacios de escucha y reflexi\u00f3n en torno a la riqueza musical de Am\u00e9rica Latina.<\/p>\n<\/div>\n\n\n\n<hr class=\"wp-block-separator alignwide has-alpha-channel-opacity\"\/>\n\n\n\n<div class=\"wp-block-columns alignwide is-layout-flex wp-container-core-columns-is-layout-28f84493 wp-block-columns-is-layout-flex\">\n<div class=\"wp-block-column is-vertically-aligned-center is-layout-flow wp-block-column-is-layout-flow\" style=\"padding-top:var(--wp--preset--spacing--10);padding-right:var(--wp--preset--spacing--30);padding-bottom:var(--wp--preset--spacing--10);padding-left:var(--wp--preset--spacing--30);flex-basis:50%\">\n<div class=\"wp-block-group is-content-justification-center is-nowrap is-layout-flex wp-container-core-group-is-layout-fc1f602f wp-block-group-is-layout-flex\" style=\"padding-top:var(--wp--preset--spacing--20);padding-right:var(--wp--preset--spacing--20);padding-bottom:var(--wp--preset--spacing--20);padding-left:var(--wp--preset--spacing--30)\">\n<p class=\"has-text-align-center has-bd-supper-font-family has-large-font-size\"><a href=\"http:\/\/tlakuikatl.mx\/gloria-estela-perez-athie\/\" data-type=\"page\" data-id=\"209\">Gloria Estela P\u00e9rez Athi\u00e9<\/a><\/p>\n<\/div>\n<\/div>\n\n\n\n<div class=\"wp-block-column is-vertically-aligned-center is-layout-flow wp-block-column-is-layout-flow\" style=\"padding-top:var(--wp--preset--spacing--20);padding-right:var(--wp--preset--spacing--30);padding-bottom:var(--wp--preset--spacing--20);padding-left:var(--wp--preset--spacing--30);flex-basis:50%\">\n<p class=\"has-text-align-center has-bd-supper-font-family has-large-font-size\"><a href=\"http:\/\/tlakuikatl.mx\/francisco-ivan-fuentes-gonzalez\/\" data-type=\"page\" data-id=\"212\">Francisco Iv\u00e1n Fuentes Gonz\u00e1lez<\/a><\/p>\n<\/div>\n<\/div>\n\n\n\n<div class=\"wp-block-buttons is-content-justification-center is-layout-flex wp-container-core-buttons-is-layout-a89b3969 wp-block-buttons-is-layout-flex\"><\/div>\n\n\n\n<p><\/p>\n","protected":false},"excerpt":{"rendered":"<p>Iv\u00e1n Fuentes y Gloria P\u00e9rez Athi\u00e9 conforman un d\u00fao de clarinete y piano dedicado a la interpretaci\u00f3n y difusi\u00f3n de la m\u00fasica latinoamericana. Su colaboraci\u00f3n se remonta al a\u00f1o 2007, cuando coincidieron como estudiantes en la Escuela Superior de M\u00fasica. Tras a\u00f1os de desarrollo profesional individual, en 2021 retomaron su actividad musical conjunta, lo que [&hellip;]<\/p>\n","protected":false},"author":1,"featured_media":0,"parent":0,"menu_order":0,"comment_status":"closed","ping_status":"closed","template":"","meta":{"footnotes":""},"class_list":["post-72","page","type-page","status-publish","hentry"],"_links":{"self":[{"href":"https:\/\/tlakuikatl.mx\/es\/wp-json\/wp\/v2\/pages\/72","targetHints":{"allow":["GET"]}}],"collection":[{"href":"https:\/\/tlakuikatl.mx\/es\/wp-json\/wp\/v2\/pages"}],"about":[{"href":"https:\/\/tlakuikatl.mx\/es\/wp-json\/wp\/v2\/types\/page"}],"author":[{"embeddable":true,"href":"https:\/\/tlakuikatl.mx\/es\/wp-json\/wp\/v2\/users\/1"}],"replies":[{"embeddable":true,"href":"https:\/\/tlakuikatl.mx\/es\/wp-json\/wp\/v2\/comments?post=72"}],"version-history":[{"count":64,"href":"https:\/\/tlakuikatl.mx\/es\/wp-json\/wp\/v2\/pages\/72\/revisions"}],"predecessor-version":[{"id":461,"href":"https:\/\/tlakuikatl.mx\/es\/wp-json\/wp\/v2\/pages\/72\/revisions\/461"}],"wp:attachment":[{"href":"https:\/\/tlakuikatl.mx\/es\/wp-json\/wp\/v2\/media?parent=72"}],"curies":[{"name":"wp","href":"https:\/\/api.w.org\/{rel}","templated":true}]}}