{"id":212,"date":"2025-05-05T19:50:29","date_gmt":"2025-05-05T19:50:29","guid":{"rendered":"http:\/\/tlakuikatl.mx\/?page_id=212"},"modified":"2025-06-13T07:55:10","modified_gmt":"2025-06-13T07:55:10","slug":"francisco-ivan-fuentes-gonzalez","status":"publish","type":"page","link":"https:\/\/tlakuikatl.mx\/es\/francisco-ivan-fuentes-gonzalez\/","title":{"rendered":"Francisco Iv\u00e1n Fuentes Gonz\u00e1lez"},"content":{"rendered":"\n<figure class=\"wp-block-image alignfull size-large\" style=\"margin-top:var(--wp--preset--spacing--10);margin-right:var(--wp--preset--spacing--30);margin-bottom:var(--wp--preset--spacing--40);margin-left:var(--wp--preset--spacing--30)\"><img loading=\"lazy\" decoding=\"async\" width=\"1024\" height=\"683\" src=\"http:\/\/tlakuikatl.mx\/wp-content\/uploads\/2025\/04\/Berlin-8-1024x683.jpg\" alt=\"\" class=\"wp-image-31\" srcset=\"https:\/\/tlakuikatl.mx\/wp-content\/uploads\/2025\/04\/Berlin-8-1024x683.jpg 1024w, https:\/\/tlakuikatl.mx\/wp-content\/uploads\/2025\/04\/Berlin-8-300x200.jpg 300w, https:\/\/tlakuikatl.mx\/wp-content\/uploads\/2025\/04\/Berlin-8-768x512.jpg 768w, https:\/\/tlakuikatl.mx\/wp-content\/uploads\/2025\/04\/Berlin-8-1536x1024.jpg 1536w, https:\/\/tlakuikatl.mx\/wp-content\/uploads\/2025\/04\/Berlin-8-2048x1365.jpg 2048w\" sizes=\"auto, (max-width: 1024px) 100vw, 1024px\" \/><\/figure>\n\n\n\n<div class=\"wp-block-group alignfull is-vertical is-content-justification-left is-layout-flex wp-container-core-group-is-layout-470cb04b wp-block-group-is-layout-flex\" style=\"padding-top:var(--wp--preset--spacing--10);padding-right:var(--wp--preset--spacing--30);padding-bottom:var(--wp--preset--spacing--30);padding-left:var(--wp--preset--spacing--30)\">\n<p class=\"has-custom-color-1-color has-text-color has-link-color has-bd-supper-font-family has-large-font-size wp-elements-fbc69fab0bf2b8291a1db17d843f7d92\">Nacido en la Ciudad de M\u00e9xico, Francisco Iv\u00e1n proviene de una familia de m\u00fasicos con una s\u00f3lida tradici\u00f3n en la m\u00fasica tradicional mexicana. Comenz\u00f3 sus estudios musicales a muy temprana edad. Realiz\u00f3 la licenciatura en la Escuela Superior de M\u00fasica del INBA, en la clase del clarinetista mexicano Luis Humberto Ramos.<br><\/p>\n\n\n\n<p class=\"has-custom-color-1-color has-text-color has-link-color has-bd-supper-font-family has-large-font-size wp-elements-f90707a00a6ad735bca3627d95910e46\">Ha sido galardonado en diversos concursos nacionales, entre ellos el \u201c1er Concurso Nacional de Clarinete Bajo FaM-UNAM\u201d, donde obtuvo el segundo lugar, y el \u201cConcurso Nacional de M\u00fasica de C\u00e1mara Ollin Yoliztli\u201d, en el que tambi\u00e9n recibi\u00f3 el segundo premio.<\/p>\n\n\n\n<p class=\"has-custom-color-1-color has-text-color has-link-color has-bd-supper-font-family has-large-font-size wp-elements-477270155588fef3465aa8a3837b8043\">Como integrante del cuarteto de clarinetes &#8220;Paax-kann&#8221;, Iv\u00e1n se present\u00f3 en festivales internacionales como el Festival de M\u00fasica de C\u00e1mara de Zacatecas y el Encuentro Internacional de Clarinete en Madrid.<\/p>\n\n\n\n<p class=\"has-custom-color-1-color has-text-color has-link-color has-bd-supper-font-family has-large-font-size wp-elements-7af7e5864dbd6c2c092a27738f3bda6d\">Como solista, ha participado en eventos como el \u201cFestival de M\u00fasica de C\u00e1mara para Maderas\u201d en la ciudad de Puebla, el \u201cFestival Universitario de Clarinete UNAM\u201d, \u201cInstrumenta Oaxaca\u201d y el \u201cEncuentro de Bandas Sinf\u00f3nicas UDLAP\u201d. Ha sido solista y becario de la Orquesta Sinf\u00f3nica Carlos Ch\u00e1vez, adem\u00e1s de miembro de la Orquesta Sinf\u00f3nica Mexiquense y de la Orquesta Filarm\u00f3nica de la Ciudad de M\u00e9xico. Tambi\u00e9n ha colaborado con la Orquesta Sinf\u00f3nica del Instituto Polit\u00e9cnico Nacional y la Filarm\u00f3nica de Boca del R\u00edo.<\/p>\n\n\n\n<p class=\"has-custom-color-1-color has-text-color has-link-color has-bd-supper-font-family has-large-font-size wp-elements-ff1dcfd36910592255cc29f59863deb5\">Ha recibido importantes influencias musicales al participar en clases magistrales con reconocidos clarinetistas como Sean Osborn, Manfred Pries, Andr\u00e9 Moisan y Jerzy Kaplanek.<\/p>\n\n\n\n<p class=\"has-custom-color-1-color has-text-color has-link-color has-bd-supper-font-family has-large-font-size wp-elements-874457e60e801267b07dc8241575fb1c\">Forma parte de diversos ensambles entre los que destacan el cuarteto de clarinetes Paax Kan y el D\u00fao Tlakuikatl, con el que ha llevado su propuesta art\u00edstica a escenarios internacionales, present\u00e1ndose en ciudades como Berl\u00edn, Weimar y Leipzig.<br><\/p>\n\n\n\n<p class=\"has-custom-color-1-color has-text-color has-link-color has-bd-supper-font-family has-large-font-size wp-elements-04242fa3a66463f4c10433500d82d47b\">Desde 2020, estudia saxof\u00f3n y clarinete requinto con el m\u00fasico espa\u00f1ol Javier Llopis.<\/p>\n\n\n\n<p class=\"has-custom-color-1-color has-text-color has-link-color has-bd-supper-font-family has-large-font-size wp-elements-1ba7aa49550467ef818da629466a39c7\">Como docente, ha compartido su experiencia en sesiones de trabajo con la Orquesta Juvenil de la Ciudad de M\u00e9xico, ha impartido clases en la Casa de Cultura de Xochimilco y se ha desempe\u00f1ado como profesor de clarinete en el programa \u201cCoros y Orquestas Sinf\u00f3nicas Esperanza Azteca\u201d.<\/p>\n\n\n\n<p class=\"has-custom-color-1-color has-text-color has-link-color has-bd-supper-font-family has-large-font-size wp-elements-3991ac06fd8b95366f477d4b4843f7bd\">Actualmente, Iv\u00e1n es clarinetista bajo de la Filarm\u00f3nica de Acapulco y tambi\u00e9n es docente dentro del programa &#8220;Fomento Musical&#8221;.<\/p>\n<\/div>\n\n\n\n<hr class=\"wp-block-separator alignwide has-alpha-channel-opacity\"\/>\n\n\n\n<div class=\"wp-block-columns alignfull is-layout-flex wp-container-core-columns-is-layout-28f84493 wp-block-columns-is-layout-flex\">\n<div class=\"wp-block-column is-vertically-aligned-center is-layout-flow wp-block-column-is-layout-flow\" style=\"padding-top:var(--wp--preset--spacing--20);padding-right:var(--wp--preset--spacing--30);padding-bottom:var(--wp--preset--spacing--20);padding-left:var(--wp--preset--spacing--30)\">\n<p class=\"has-text-align-center has-bd-supper-font-family has-large-font-size\"><a href=\"http:\/\/tlakuikatl.mx\/bio\/\" data-type=\"page\" data-id=\"72\">D\u00fao<\/a><\/p>\n<\/div>\n\n\n\n<div class=\"wp-block-column is-vertically-aligned-center is-layout-flow wp-block-column-is-layout-flow\" style=\"padding-top:var(--wp--preset--spacing--20);padding-right:var(--wp--preset--spacing--30);padding-bottom:var(--wp--preset--spacing--20);padding-left:var(--wp--preset--spacing--30)\">\n<p class=\"has-text-align-center has-bd-supper-font-family has-large-font-size\"><a href=\"http:\/\/tlakuikatl.mx\/gloria-estela-perez-athie\/\" data-type=\"page\" data-id=\"209\">Gloria Estela P\u00e9rez Athi\u00e9<\/a><\/p>\n<\/div>\n<\/div>\n\n\n\n<p><\/p>\n","protected":false},"excerpt":{"rendered":"<p>Nacido en la Ciudad de M\u00e9xico, Francisco Iv\u00e1n proviene de una familia de m\u00fasicos con una s\u00f3lida tradici\u00f3n en la m\u00fasica tradicional mexicana. Comenz\u00f3 sus estudios musicales a muy temprana edad. Realiz\u00f3 la licenciatura en la Escuela Superior de M\u00fasica del INBA, en la clase del clarinetista mexicano Luis Humberto Ramos. Ha sido galardonado en [&hellip;]<\/p>\n","protected":false},"author":1,"featured_media":0,"parent":0,"menu_order":0,"comment_status":"closed","ping_status":"closed","template":"","meta":{"footnotes":""},"class_list":["post-212","page","type-page","status-publish","hentry"],"_links":{"self":[{"href":"https:\/\/tlakuikatl.mx\/es\/wp-json\/wp\/v2\/pages\/212","targetHints":{"allow":["GET"]}}],"collection":[{"href":"https:\/\/tlakuikatl.mx\/es\/wp-json\/wp\/v2\/pages"}],"about":[{"href":"https:\/\/tlakuikatl.mx\/es\/wp-json\/wp\/v2\/types\/page"}],"author":[{"embeddable":true,"href":"https:\/\/tlakuikatl.mx\/es\/wp-json\/wp\/v2\/users\/1"}],"replies":[{"embeddable":true,"href":"https:\/\/tlakuikatl.mx\/es\/wp-json\/wp\/v2\/comments?post=212"}],"version-history":[{"count":16,"href":"https:\/\/tlakuikatl.mx\/es\/wp-json\/wp\/v2\/pages\/212\/revisions"}],"predecessor-version":[{"id":476,"href":"https:\/\/tlakuikatl.mx\/es\/wp-json\/wp\/v2\/pages\/212\/revisions\/476"}],"wp:attachment":[{"href":"https:\/\/tlakuikatl.mx\/es\/wp-json\/wp\/v2\/media?parent=212"}],"curies":[{"name":"wp","href":"https:\/\/api.w.org\/{rel}","templated":true}]}}