{"id":209,"date":"2025-05-05T19:49:27","date_gmt":"2025-05-05T19:49:27","guid":{"rendered":"http:\/\/tlakuikatl.mx\/?page_id=209"},"modified":"2025-06-09T15:53:10","modified_gmt":"2025-06-09T15:53:10","slug":"gloria-estela-perez-athie","status":"publish","type":"page","link":"https:\/\/tlakuikatl.mx\/es\/gloria-estela-perez-athie\/","title":{"rendered":"Gloria Estela P\u00e9rez Athi\u00e9"},"content":{"rendered":"\n<div class=\"wp-block-columns alignfull is-layout-flex wp-container-core-columns-is-layout-28f84493 wp-block-columns-is-layout-flex\">\n<div class=\"wp-block-column is-layout-flow wp-block-column-is-layout-flow\" style=\"flex-basis:100%\">\n<figure class=\"wp-block-image alignfull size-large\" style=\"margin-top:var(--wp--preset--spacing--10);margin-right:var(--wp--preset--spacing--30);margin-bottom:var(--wp--preset--spacing--40);margin-left:var(--wp--preset--spacing--30)\"><img loading=\"lazy\" decoding=\"async\" width=\"1024\" height=\"683\" src=\"http:\/\/tlakuikatl.mx\/wp-content\/uploads\/2025\/04\/Berlin-7-1024x683.jpg\" alt=\"\" class=\"wp-image-29\" srcset=\"https:\/\/tlakuikatl.mx\/wp-content\/uploads\/2025\/04\/Berlin-7-1024x683.jpg 1024w, https:\/\/tlakuikatl.mx\/wp-content\/uploads\/2025\/04\/Berlin-7-300x200.jpg 300w, https:\/\/tlakuikatl.mx\/wp-content\/uploads\/2025\/04\/Berlin-7-768x512.jpg 768w, https:\/\/tlakuikatl.mx\/wp-content\/uploads\/2025\/04\/Berlin-7-1536x1024.jpg 1536w, https:\/\/tlakuikatl.mx\/wp-content\/uploads\/2025\/04\/Berlin-7-2048x1365.jpg 2048w\" sizes=\"auto, (max-width: 1024px) 100vw, 1024px\" \/><\/figure>\n<\/div>\n<\/div>\n\n\n\n<div class=\"wp-block-group alignfull is-vertical is-content-justification-center is-layout-flex wp-container-core-group-is-layout-fe6ab28d wp-block-group-is-layout-flex\" style=\"padding-top:var(--wp--preset--spacing--10);padding-right:var(--wp--preset--spacing--30);padding-bottom:0;padding-left:var(--wp--preset--spacing--30)\">\n<p class=\"has-custom-color-1-color has-text-color has-link-color has-bd-supper-font-family has-large-font-size wp-elements-658d33351803cfe41e0c2374c6ffae87\">Originaria de la Ciudad de M\u00e9xico, Gloria Estela P\u00e9rez Athi\u00e9 se gradu\u00f3 con menci\u00f3n honor\u00edfica de la Escuela Superior de M\u00fasica INBA, donde estudi\u00f3 con la destacada pianista cubana Ileana Bautista. A lo largo de su formaci\u00f3n, tambi\u00e9n recibi\u00f3 clases de reconocidos maestros como Fernando Garc\u00eda Torres, Ana Mar\u00eda Tradatti y Svetlana Logounova.<\/p>\n<\/div>\n\n\n\n<div class=\"wp-block-group alignfull is-vertical is-content-justification-center is-layout-flex wp-container-core-group-is-layout-dc172d6c wp-block-group-is-layout-flex\" style=\"padding-right:var(--wp--preset--spacing--30);padding-left:var(--wp--preset--spacing--30)\">\n<p class=\"has-custom-color-1-color has-text-color has-link-color has-bd-supper-font-family has-large-font-size wp-elements-e8fbcfb4e97f381ed9fcaaf5861d68cd\">En 2020, obtuvo la maestr\u00eda con especialidad en m\u00fasica de c\u00e1mara en la Hochschule f\u00fcr Musik &#8220;Franz Liszt&#8221; en Weimar, Alemania, bajo la tutela de la profesora Gerlinde Otto.<\/p>\n<\/div>\n\n\n\n<div class=\"wp-block-group alignfull is-vertical is-content-justification-center is-layout-flex wp-container-core-group-is-layout-dc172d6c wp-block-group-is-layout-flex\" style=\"padding-right:var(--wp--preset--spacing--30);padding-left:var(--wp--preset--spacing--30)\">\n<p class=\"has-custom-color-1-color has-text-color has-link-color has-bd-supper-font-family has-large-font-size wp-elements-d88ee1e9b05fec991f474e49ba5ed521\">Recibi\u00f3 del gobierno mexicano el \u201cPremio Nacional de la Juventud 2006\u201d, y en 2011 fue galardonada con el &#8220;Premio de la Juventud del Distrito Federal&#8221; por parte del gobierno de la Ciudad de M\u00e9xico.<\/p>\n<\/div>\n\n\n\n<div class=\"wp-block-group alignfull is-vertical is-content-justification-center is-layout-flex wp-container-core-group-is-layout-dc172d6c wp-block-group-is-layout-flex\" style=\"padding-right:var(--wp--preset--spacing--30);padding-left:var(--wp--preset--spacing--30)\">\n<p class=\"has-custom-color-1-color has-text-color has-link-color has-bd-supper-font-family has-large-font-size wp-elements-c31d8f811c7c86b248fd0904976790bf\">Fue ganadora de diversos concursos nacionales de piano y m\u00fasica de c\u00e1mara entre los que destacan:&nbsp; En el V Concurso Nacional de Piano Ang\u00e9lica Morales &#8211; Yamaha 2006, logr\u00f3 el tercer lugar y un premio especial por la mejor interpretaci\u00f3n de una obra contempor\u00e1nea mexicana. En el III Concurso Internacional de Piano &#8220;Jos\u00e9 Jacinto Cuevas-Yamaha&#8221;, obtuvo el cuarto lugar, y en el VII Concurso Nacional de M\u00fasica de C\u00e1mara de la ESM, se hizo acreedora al primer lugar.<\/p>\n<\/div>\n\n\n\n<div class=\"wp-block-group alignfull is-vertical is-content-justification-center is-layout-flex wp-container-core-group-is-layout-dc172d6c wp-block-group-is-layout-flex\" style=\"padding-right:var(--wp--preset--spacing--30);padding-left:var(--wp--preset--spacing--30)\">\n<p class=\"has-custom-color-1-color has-text-color has-link-color has-bd-supper-font-family has-large-font-size wp-elements-353550d4c4185a4c3728c0a4b740760b\">Ha ofrecido conciertos en las principales salas de M\u00e9xico, como la Sala Principal del Palacio de Bellas Artes, el Auditorio Blas Galindo, la Sala Carlos Ch\u00e1vez, la Sala Silvestre Revueltas, y el Teatro de la Ciudad, entre otros. En Alemania, se present\u00f3 en la reconocida Liszt-Haus de Weimar, en el 14\u00b0 Festival de Piano de Bayreuth y, dentro del ciclo de conciertos \u201c<em>Lieblings Lieder<\/em>\u201d, como parte del proyecto de m\u00fasica brasile\u00f1a &#8220;The South American Way&#8221;, en el Deutsche National Theater (DNT) de Weimar. Tambi\u00e9n ha ofrecido conciertos en Espa\u00f1a, Grecia, Italia y Panam\u00e1.<\/p>\n<\/div>\n\n\n\n<div class=\"wp-block-group alignfull is-vertical is-content-justification-center is-layout-flex wp-container-core-group-is-layout-dc172d6c wp-block-group-is-layout-flex\" style=\"padding-right:var(--wp--preset--spacing--30);padding-left:var(--wp--preset--spacing--30)\">\n<p class=\"has-custom-color-1-color has-text-color has-link-color has-bd-supper-font-family has-large-font-size wp-elements-4ef144f75bc577a175a7a0f30694c1ed\">Gloria ha recibido becas de importantes fundaciones como el Fondo Nacional para la Cultura y las Artes (FONCA), la Fundaci\u00f3n Lorena Alejandra Gallardo (FLAG) y la Fundaci\u00f3n INBA.<\/p>\n<\/div>\n\n\n\n<div class=\"wp-block-group alignfull is-vertical is-content-justification-center is-layout-flex wp-container-core-group-is-layout-dc172d6c wp-block-group-is-layout-flex\" style=\"padding-right:var(--wp--preset--spacing--30);padding-left:var(--wp--preset--spacing--30)\">\n<p class=\"has-custom-color-1-color has-text-color has-link-color has-bd-supper-font-family has-large-font-size wp-elements-cfbfa1fbdb47b4766fa0bea4e160e867\">En el \u00e1mbito docente, cuenta con m\u00e1s de 15 a\u00f1os de experiencia impartiendo clases. Trabaj\u00f3 en la Escuela Estatal de M\u00fasica \u201cJohann Sebastian Bach\u201d en Eisenach, Alemania, y actualmente se desempe\u00f1a como profesora de piano y pianista acompa\u00f1ante en la Escuela de M\u00fasica del Saale-Holzland-Kreis, donde adem\u00e1s coordina el \u00e1rea de piano.<\/p>\n<\/div>\n\n\n\n<div class=\"wp-block-group alignfull is-vertical is-content-justification-center is-layout-flex wp-container-core-group-is-layout-4e04d9ae wp-block-group-is-layout-flex\" style=\"padding-right:var(--wp--preset--spacing--30);padding-bottom:var(--wp--preset--spacing--30);padding-left:var(--wp--preset--spacing--30)\">\n<p class=\"has-custom-color-1-color has-text-color has-link-color has-bd-supper-font-family has-large-font-size wp-elements-88d12c5b11ba7ccdd7ae30d1ac36991d\">Actualmente reside en Weimar y se dedica principalmente a la m\u00fasica cl\u00e1sica latinoamericana. Est\u00e1 activa en diversos proyectos de m\u00fasica de c\u00e1mara, entre ellos el D\u00fao Tlakuikatl, un d\u00fao de clarinete y piano, y el D\u00fao Rud\u00e1, que fund\u00f3 junto al tenor brasile\u00f1o Gabriel Pereira y forma parte del proyecto &#8220;The South American Way&#8221;, donde comparte escenario con los m\u00fasicos brasile\u00f1os Daniela Vega, Andr\u00e9 Rabello, Gabriel Pereira, Igor Seiji y Mariano Gonzalez. Con estos ensambles, se ha presentado en ciudades como Berl\u00edn, Leipzig, Sondershausen, Erfurt, Kassel , entre otras.<\/p>\n<\/div>\n\n\n\n<div class=\"wp-block-group alignwide has-global-padding is-layout-constrained wp-block-group-is-layout-constrained\">\n<div class=\"wp-block-columns is-layout-flex wp-container-core-columns-is-layout-28f84493 wp-block-columns-is-layout-flex\">\n<div class=\"wp-block-column is-vertically-aligned-center is-layout-flow wp-block-column-is-layout-flow\"><\/div>\n<\/div>\n\n\n\n<hr class=\"wp-block-separator alignfull has-alpha-channel-opacity\"\/>\n<\/div>\n\n\n\n<div class=\"wp-block-columns alignfull is-layout-flex wp-container-core-columns-is-layout-6f8f8055 wp-block-columns-is-layout-flex\" style=\"padding-top:var(--wp--preset--spacing--20);padding-right:var(--wp--preset--spacing--30);padding-bottom:var(--wp--preset--spacing--20);padding-left:var(--wp--preset--spacing--30)\">\n<div class=\"wp-block-column is-vertically-aligned-center is-layout-flow wp-block-column-is-layout-flow\" style=\"padding-right:var(--wp--preset--spacing--10);padding-left:var(--wp--preset--spacing--10)\">\n<p class=\"has-text-align-center has-bd-supper-font-family has-large-font-size\"><a href=\"http:\/\/tlakuikatl.mx\/bio\/\" data-type=\"page\" data-id=\"72\">D\u00fao<\/a><\/p>\n<\/div>\n\n\n\n<div class=\"wp-block-column is-vertically-aligned-center is-layout-flow wp-block-column-is-layout-flow\" style=\"padding-right:var(--wp--preset--spacing--20);padding-left:var(--wp--preset--spacing--20)\">\n<p class=\"has-text-align-center has-bd-supper-font-family has-large-font-size\"><a href=\"http:\/\/tlakuikatl.mx\/francisco-ivan-fuentes-gonzalez\/\" data-type=\"page\" data-id=\"212\">Francisco Iv\u00e1n Fuentes Gonz\u00e1lez<\/a><\/p>\n<\/div>\n<\/div>\n\n\n\n<p><\/p>\n","protected":false},"excerpt":{"rendered":"<p>Originaria de la Ciudad de M\u00e9xico, Gloria Estela P\u00e9rez Athi\u00e9 se gradu\u00f3 con menci\u00f3n honor\u00edfica de la Escuela Superior de M\u00fasica INBA, donde estudi\u00f3 con la destacada pianista cubana Ileana Bautista. A lo largo de su formaci\u00f3n, tambi\u00e9n recibi\u00f3 clases de reconocidos maestros como Fernando Garc\u00eda Torres, Ana Mar\u00eda Tradatti y Svetlana Logounova. En 2020, [&hellip;]<\/p>\n","protected":false},"author":1,"featured_media":0,"parent":0,"menu_order":0,"comment_status":"closed","ping_status":"closed","template":"","meta":{"footnotes":""},"class_list":["post-209","page","type-page","status-publish","hentry"],"_links":{"self":[{"href":"https:\/\/tlakuikatl.mx\/es\/wp-json\/wp\/v2\/pages\/209","targetHints":{"allow":["GET"]}}],"collection":[{"href":"https:\/\/tlakuikatl.mx\/es\/wp-json\/wp\/v2\/pages"}],"about":[{"href":"https:\/\/tlakuikatl.mx\/es\/wp-json\/wp\/v2\/types\/page"}],"author":[{"embeddable":true,"href":"https:\/\/tlakuikatl.mx\/es\/wp-json\/wp\/v2\/users\/1"}],"replies":[{"embeddable":true,"href":"https:\/\/tlakuikatl.mx\/es\/wp-json\/wp\/v2\/comments?post=209"}],"version-history":[{"count":22,"href":"https:\/\/tlakuikatl.mx\/es\/wp-json\/wp\/v2\/pages\/209\/revisions"}],"predecessor-version":[{"id":454,"href":"https:\/\/tlakuikatl.mx\/es\/wp-json\/wp\/v2\/pages\/209\/revisions\/454"}],"wp:attachment":[{"href":"https:\/\/tlakuikatl.mx\/es\/wp-json\/wp\/v2\/media?parent=209"}],"curies":[{"name":"wp","href":"https:\/\/api.w.org\/{rel}","templated":true}]}}