{"id":2,"date":"2025-04-28T19:37:36","date_gmt":"2025-04-28T19:37:36","guid":{"rendered":"http:\/\/tlakuikatl.mx\/?page_id=2"},"modified":"2025-06-09T18:39:24","modified_gmt":"2025-06-09T18:39:24","slug":"sample-page","status":"publish","type":"page","link":"https:\/\/tlakuikatl.mx\/es\/","title":{"rendered":""},"content":{"rendered":"\n<div class=\"wp-block-group alignfull has-global-padding is-layout-constrained wp-block-group-is-layout-constrained\">\n<div class=\"wp-block-columns alignfull are-vertically-aligned-center has-custom-color-1-color has-text-color has-link-color wp-elements-b78615ef08f5c2c40c68b38815f93184 is-layout-flex wp-container-core-columns-is-layout-6f8f8055 wp-block-columns-is-layout-flex\" style=\"padding-top:var(--wp--preset--spacing--20);padding-right:var(--wp--preset--spacing--30);padding-bottom:var(--wp--preset--spacing--20);padding-left:var(--wp--preset--spacing--30)\">\n<div class=\"wp-block-column is-vertically-aligned-center is-layout-flow wp-container-core-column-is-layout-8a368f38 wp-block-column-is-layout-flow\" style=\"flex-basis:40%\">\n<p class=\"has-text-align-left has-contrast-2-color has-text-color has-link-color has-bd-supper-font-family has-xx-large-font-size wp-elements-569b8fefe8779db1127df554df4b7d7b\">D\u00fao Tlakuikatl<\/p>\n\n\n\n<p class=\"has-text-align-left has-contrast-2-color has-text-color has-link-color has-bd-supper-font-family has-large-font-size wp-elements-97dd015eecce741b310db1e9724e7386\">Los sonidos de Latinoam\u00e9rica<\/p>\n<\/div>\n\n\n\n<div class=\"wp-block-column is-vertically-aligned-center has-large-font-size is-layout-flow wp-block-column-is-layout-flow\" style=\"flex-basis:60%\">\n<p class=\"has-text-align-left has-custom-color-1-color has-text-color has-link-color has-bd-supper-font-family has-large-font-size wp-elements-eb41c2c712f66bbde81a97bf712d08e2\">D\u00fao mexicano dedicado a la interpretaci\u00f3n y difusi\u00f3n de la m\u00fasica latinoamericana para clarinete y piano, especializado en las obras de compositores y compositoras de los siglos XX y XXI.<\/p>\n<\/div>\n<\/div>\n<\/div>\n\n\n\n<figure class=\"wp-block-image alignfull size-large\" style=\"margin-top:var(--wp--preset--spacing--20);margin-bottom:var(--wp--preset--spacing--20)\"><img loading=\"lazy\" decoding=\"async\" width=\"1024\" height=\"683\" src=\"http:\/\/tlakuikatl.mx\/wp-content\/uploads\/2025\/05\/3_Duo_copy_Azu-1-1024x683.jpg\" alt=\"\" class=\"wp-image-142\" srcset=\"https:\/\/tlakuikatl.mx\/wp-content\/uploads\/2025\/05\/3_Duo_copy_Azu-1-1024x683.jpg 1024w, https:\/\/tlakuikatl.mx\/wp-content\/uploads\/2025\/05\/3_Duo_copy_Azu-1-300x200.jpg 300w, https:\/\/tlakuikatl.mx\/wp-content\/uploads\/2025\/05\/3_Duo_copy_Azu-1-768x512.jpg 768w, https:\/\/tlakuikatl.mx\/wp-content\/uploads\/2025\/05\/3_Duo_copy_Azu-1-1536x1024.jpg 1536w, https:\/\/tlakuikatl.mx\/wp-content\/uploads\/2025\/05\/3_Duo_copy_Azu-1-2048x1365.jpg 2048w\" sizes=\"auto, (max-width: 1024px) 100vw, 1024px\" \/><\/figure>\n\n\n\n<hr class=\"wp-block-separator alignwide has-alpha-channel-opacity\" style=\"margin-top:var(--wp--preset--spacing--30);margin-bottom:var(--wp--preset--spacing--30)\"\/>\n\n\n\n<div class=\"wp-block-group alignfull has-global-padding is-layout-constrained wp-block-group-is-layout-constrained\">\n<div class=\"wp-block-group alignfull has-global-padding is-layout-constrained wp-block-group-is-layout-constrained\">\n<div class=\"wp-block-group alignwide is-layout-grid wp-container-core-group-is-layout-eb0a801c wp-block-group-is-layout-grid\" style=\"padding-top:var(--wp--preset--spacing--20);padding-bottom:var(--wp--preset--spacing--20)\">\n<figure class=\"wp-block-gallery aligncenter has-nested-images columns-default is-cropped wp-block-gallery-1 is-layout-flex wp-block-gallery-is-layout-flex\"><\/figure>\n\n\n\n<figure class=\"wp-block-image size-large is-style-default wp-container-content-574e1f9d\"><img loading=\"lazy\" decoding=\"async\" width=\"1024\" height=\"794\" src=\"http:\/\/tlakuikatl.mx\/wp-content\/uploads\/2025\/04\/Tlakuikalt_Logo_White-1024x794.png\" alt=\"\" class=\"wp-image-58\" srcset=\"https:\/\/tlakuikatl.mx\/wp-content\/uploads\/2025\/04\/Tlakuikalt_Logo_White-1024x794.png 1024w, https:\/\/tlakuikatl.mx\/wp-content\/uploads\/2025\/04\/Tlakuikalt_Logo_White-300x233.png 300w, https:\/\/tlakuikatl.mx\/wp-content\/uploads\/2025\/04\/Tlakuikalt_Logo_White-768x595.png 768w, https:\/\/tlakuikatl.mx\/wp-content\/uploads\/2025\/04\/Tlakuikalt_Logo_White-1536x1190.png 1536w, https:\/\/tlakuikatl.mx\/wp-content\/uploads\/2025\/04\/Tlakuikalt_Logo_White.png 1956w\" sizes=\"auto, (max-width: 1024px) 100vw, 1024px\" \/><\/figure>\n<\/div>\n<\/div>\n<\/div>\n\n\n\n<hr class=\"wp-block-separator alignwide has-alpha-channel-opacity\" style=\"margin-top:var(--wp--preset--spacing--30);margin-bottom:var(--wp--preset--spacing--30)\"\/>\n","protected":false},"excerpt":{"rendered":"<p>D\u00fao Tlakuikatl Los sonidos de Latinoam\u00e9rica D\u00fao mexicano dedicado a la interpretaci\u00f3n y difusi\u00f3n de la m\u00fasica latinoamericana para clarinete y piano, especializado en las obras de compositores y compositoras de los siglos XX y XXI.<\/p>\n","protected":false},"author":1,"featured_media":0,"parent":0,"menu_order":0,"comment_status":"closed","ping_status":"open","template":"","meta":{"footnotes":""},"class_list":["post-2","page","type-page","status-publish","hentry"],"_links":{"self":[{"href":"https:\/\/tlakuikatl.mx\/es\/wp-json\/wp\/v2\/pages\/2","targetHints":{"allow":["GET"]}}],"collection":[{"href":"https:\/\/tlakuikatl.mx\/es\/wp-json\/wp\/v2\/pages"}],"about":[{"href":"https:\/\/tlakuikatl.mx\/es\/wp-json\/wp\/v2\/types\/page"}],"author":[{"embeddable":true,"href":"https:\/\/tlakuikatl.mx\/es\/wp-json\/wp\/v2\/users\/1"}],"replies":[{"embeddable":true,"href":"https:\/\/tlakuikatl.mx\/es\/wp-json\/wp\/v2\/comments?post=2"}],"version-history":[{"count":55,"href":"https:\/\/tlakuikatl.mx\/es\/wp-json\/wp\/v2\/pages\/2\/revisions"}],"predecessor-version":[{"id":472,"href":"https:\/\/tlakuikatl.mx\/es\/wp-json\/wp\/v2\/pages\/2\/revisions\/472"}],"wp:attachment":[{"href":"https:\/\/tlakuikatl.mx\/es\/wp-json\/wp\/v2\/media?parent=2"}],"curies":[{"name":"wp","href":"https:\/\/api.w.org\/{rel}","templated":true}]}}